{"id":7,"date":"2026-04-20T10:35:55","date_gmt":"2026-04-20T10:35:55","guid":{"rendered":"https:\/\/loulisbeauty.com.tr\/?page_id=7"},"modified":"2026-04-20T10:35:55","modified_gmt":"2026-04-20T10:35:55","slug":"lazer-epilasyon-detaylari","status":"publish","type":"page","link":"https:\/\/loulisbeauty.com.tr\/?page_id=7","title":{"rendered":"Lazer Epilasyon Detaylar\u0131"},"content":{"rendered":"<h2>Lazer Epilasyon<\/h2>\n<p>Son teknoloji cihazlarla p\u00fcr\u00fczs\u00fcz bir ten.<\/p>\n<p>Burada hizmetin detayl\u0131 a\u00e7\u0131klamas\u0131, fiyat listesi ve s\u0131k\u00e7a sorulan sorular yer alabilir.<\/p>\n","protected":false},"excerpt":{"rendered":"<p>Lazer Epilasyon Son teknoloji cihazlarla p\u00fcr\u00fczs\u00fcz bir ten. Burada hizmetin detayl\u0131 a\u00e7\u0131klamas\u0131, fiyat listesi ve s\u0131k\u00e7a sorulan sorular yer alabilir.<\/p>\n","protected":false},"author":1,"featured_media":0,"parent":0,"menu_order":0,"comment_status":"closed","ping_status":"closed","template":"","meta":{"footnotes":""},"class_list":["post-7","page","type-page","status-publish","hentry"],"_links":{"self":[{"href":"https:\/\/loulisbeauty.com.tr\/index.php?rest_route=\/wp\/v2\/pages\/7","targetHints":{"allow":["GET"]}}],"collection":[{"href":"https:\/\/loulisbeauty.com.tr\/index.php?rest_route=\/wp\/v2\/pages"}],"about":[{"href":"https:\/\/loulisbeauty.com.tr\/index.php?rest_route=\/wp\/v2\/types\/page"}],"author":[{"embeddable":true,"href":"https:\/\/loulisbeauty.com.tr\/index.php?rest_route=\/wp\/v2\/users\/1"}],"replies":[{"embeddable":true,"href":"https:\/\/loulisbeauty.com.tr\/index.php?rest_route=%2Fwp%2Fv2%2Fcomments&post=7"}],"version-history":[{"count":0,"href":"https:\/\/loulisbeauty.com.tr\/index.php?rest_route=\/wp\/v2\/pages\/7\/revisions"}],"wp:attachment":[{"href":"https:\/\/loulisbeauty.com.tr\/index.php?rest_route=%2Fwp%2Fv2%2Fmedia&parent=7"}],"curies":[{"name":"wp","href":"https:\/\/api.w.org\/{rel}","templated":true}]}}